{"id":1110,"date":"2018-12-06T11:05:03","date_gmt":"2018-12-06T17:05:03","guid":{"rendered":"http:\/\/turismoleufucade.cl\/site\/?page_id=1110"},"modified":"2022-09-27T20:56:14","modified_gmt":"2022-09-28T02:56:14","slug":"cabanas","status":"publish","type":"page","link":"http:\/\/turismoleufucade.cl\/site\/cabanas\/","title":{"rendered":"Caba\u00f1as"},"content":{"rendered":"<style type=\"text\/css\"> \n#cmsms_row_69e7cb9619432 .cmsms_row_outer_parent { \n\tpadding-top: 40px; \n} \n\n#cmsms_row_69e7cb9619432 .cmsms_row_outer_parent { \n\tpadding-bottom: 0px; \n} \n\n \n#cmsms_heading_69e7cb9619614, #cmsms_heading_69e7cb9619614 a { \n\tfont-size:24px; \n\ttext-align:left; \n\tfont-weight:400; \n\tfont-style:normal; \n\tmargin-top:10px; \n\tmargin-bottom:20px; \n} \n\n#cmsms_button_69e7cb961969b { \n\ttext-align:center; \n} \n\n#cmsms_button_69e7cb961969b .cmsms_button:before { \n\tmargin-right:.5em; \n\tmargin-left:0; \n\tvertical-align:baseline; \n} \n\n#cmsms_button_69e7cb961969b .cmsms_button { \n\tfont-weight:100; \n\tfont-style:normal; \n\tpadding-right:20px; \n\tpadding-left:20px; \n\tbackground-color:#75bf41; \n\tcolor:#ffffff; \n} \n#cmsms_button_69e7cb961969b .cmsms_button:hover { \n\tbackground-color:#8dbf69; \n\tcolor:#ffffff; \n} \n \n#cmsms_row_69e7cb961971a .cmsms_row_outer_parent { \n\tpadding-top: 0px; \n} \n\n#cmsms_row_69e7cb961971a .cmsms_row_outer_parent { \n\tpadding-bottom: 50px; \n} \n\n \n#cmsms_divider_69e7cb96197d3 { \n\tpadding-top:25px; \n\tmargin-bottom:25px; \n} \n \n#cmsms_row_69e7cb961985d .cmsms_row_outer_parent { \n\tpadding-top: 0px; \n} \n\n#cmsms_row_69e7cb961985d .cmsms_row_outer_parent { \n\tpadding-bottom: 50px; \n} \n\n \n#cmsms_heading_69e7cb9619a0a, #cmsms_heading_69e7cb9619a0a a { \n\tfont-weight:400; \n\tfont-style:normal; \n\tmargin-top:0px; \n\tmargin-bottom:20px; \n} \n \n#cmsms_row_69e7cb9619ad6 .cmsms_row_outer_parent { \n\tpadding-top: 0px; \n} \n\n#cmsms_row_69e7cb9619ad6 .cmsms_row_outer_parent { \n\tpadding-bottom: 50px; \n} \n\n \n#cmsms_divider_69e7cb9619b90 { \n\tpadding-top:0px; \n\tmargin-bottom:50px; \n} \n \n#cmsms_fb_69e7cb9619baa { \n\tbackground-color:#2aa8d6; \n} \n\n#cmsms_fb_69e7cb9619baa, \n#cmsms_fb_69e7cb9619baa a, \n#cmsms_fb_69e7cb9619baa h1, \n#cmsms_fb_69e7cb9619baa h2, \n#cmsms_fb_69e7cb9619baa h3, \n#cmsms_fb_69e7cb9619baa h4, \n#cmsms_fb_69e7cb9619baa h5, \n#cmsms_fb_69e7cb9619baa h6 { \n\tcolor:#ffffff; \n} \n<\/style><div id=\"cmsms_row_69e7cb9619432\" class=\"cmsms_row cmsms_color_scheme_default\">\n<div class=\"cmsms_row_outer_parent\">\n<div class=\"cmsms_row_outer\">\n<div class=\"cmsms_row_inner\">\n<div class=\"cmsms_row_margin\">\n<div class=\"cmsms_column three_fourth\" data-animation=\"fadeInLeft\" data-delay=\"500\">\n<div class=\"cmsms_text\">\n<p><\/p>\n<\/div>\n<\/div>\n<div class=\"cmsms_column one_fourth\">\n<h1 id=\"cmsms_heading_69e7cb9619614\" class=\"cmsms_heading\">Descripci\u00f3n de las caba\u00f1as<\/h1><div class=\"cmsms_text\">\n<p>Disponemos de 6 Caba\u00f1as de dos pisos.<\/p>\n<p>Las Caba\u00f1as son full equipadas e independientes,\u00a0\u00a0cuentan con espacios comunes vigilados, WIFI, calefacci\u00f3n central,\u00a0se consideran todo el equipamiento que necesitas para una estad\u00eda confortable.<\/p>\n<p>En la primera planta se podr\u00e1n encontrar con un acceso con terraza y en el primer nivel con un living con televisi\u00f3n por cable, una cocina americana equipada para que prepares tus alimentos y un ba\u00f1o con agua caliente, el cual nos preocupamos de mantener muy limpio.<\/p>\n<p>En el segundo nivel se encuentran dos habitaciones, donde algunas est\u00e1n equipadas con mayor n\u00famero de camas llegando a considerar 5 personas.<\/p>\n<p>Para los clientes que viajen en su veh\u00edculo, contamos con acceso automatizado, estacionamientos vigilados, amplios y seguros. Cada caba\u00f1a cuenta con sistema de alarma independiente.<\/p>\n<\/div>\n\n<div id=\"cmsms_button_69e7cb961969b\" class=\"button_wrap\"><a href=\"http:\/\/turismoleufucade.cl\/site\/reserva-con-nosotros\/\" class=\"cmsms_button\">Reserva con Nosotros<\/a><\/div>\n<\/div>\n<\/div>\n<\/div>\n<\/div>\n<\/div>\n<\/div>\n<div id=\"cmsms_row_69e7cb961971a\" class=\"cmsms_row cmsms_color_scheme_default\">\n<div class=\"cmsms_row_outer_parent\">\n<div class=\"cmsms_row_outer\">\n<div class=\"cmsms_row_inner\">\n<div class=\"cmsms_row_margin\">\n<div class=\"cmsms_column one_first\">\n<div id=\"cmsms_divider_69e7cb96197d3\" class=\"cl\"><\/div>\n<div class=\"cmsms_text\">\n<h2 style=\"text-align: center;\">\u00a0\u00a1Te ofrecemos distintas formas de pago!<\/h2>\n<p style=\"text-align: center;\"><img loading=\"lazy\" class=\"aligncenter\" src=\"http:\/\/turismoleufucade.cl\/site\/wp-content\/uploads\/2016\/01\/redcompra.jpg\" alt=\"\" width=\"307\" height=\"93\" \/><\/p>\n<\/div>\n<\/div>\n<\/div>\n<\/div>\n<\/div>\n<\/div>\n<\/div>\n<div id=\"cmsms_row_69e7cb961985d\" class=\"cmsms_row cmsms_color_scheme_default\">\n<div class=\"cmsms_row_outer_parent\">\n<div class=\"cmsms_row_outer\">\n<div class=\"cmsms_row_inner\">\n<div class=\"cmsms_row_margin\">\n<div class=\"cmsms_column one_first\">\n<h2 id=\"cmsms_heading_69e7cb9619a0a\" class=\"cmsms_heading\">\u00bfD\u00f3nde nos encontramos?<\/h2><div class=\"cmsms_text\">\n<p>Las Caba\u00f1as est\u00e1n ubicadas en General Lagos N\u00ba 1472, Frente al Club de Yates Valdivia. Tel\u00e9fonos Recepci\u00f3n\u00a0 \u00a0M\u00f3vil +56968733414<\/p>\n<\/div>\n<div class=\"custom_html\">\n<iframe loading=\"lazy\" style=\"border: 0;\" src=\"https:\/\/www.google.com\/maps\/embed?pb=!1m18!1m12!1m3!1d3064.197580467359!2d-73.2498415!3d-39.82498760000001!2m3!1f0!2f0!3f0!3m2!1i1024!2i768!4f13.1!3m3!1m2!1s0x9615ee725a1a093b%3A0x5a5023c55e4c1f24!2sCaba%C3%B1as%20Rio%20Leufucade%20Valdivia!5e0!3m2!1ses!2smx!4v1664331977916!5m2!1ses!2smx\" width=\"100%\" height=\"450\" allowfullscreen=\"allowfullscreen\"><\/iframe>\n<\/div>\n<\/div>\n<\/div>\n<\/div>\n<\/div>\n<\/div>\n<\/div>\n<div id=\"cmsms_row_69e7cb9619ad6\" class=\"cmsms_row cmsms_color_scheme_default\">\n<div class=\"cmsms_row_outer_parent\">\n<div class=\"cmsms_row_outer\">\n<div class=\"cmsms_row_inner\">\n<div class=\"cmsms_row_margin\">\n<div class=\"cmsms_column one_first\">\n<div id=\"cmsms_divider_69e7cb9619b90\" class=\"cl\"><\/div>\n<div id=\"cmsms_fb_69e7cb9619baa\" class=\"cmsms_featured_block\" data-animation=\"fadeInUp\" data-delay=\"0\">\n<div class=\"featured_block_inner\">\n<div class=\"featured_block_text\">\n<h3 style=\"text-align: center;\">Tel\u00e9fonos de contacto: M\u00f3vil +56968733414<\/h3>\n<h3 style=\"text-align: center;\">e-mail:\u00a0<a href=\"mailto:turismo.Leufucade@gmail.com\">turismo.leufucade@gmail.com<\/a><\/h3>\n<\/div>\n<\/div>\n<\/div>\n<\/div>\n<\/div>\n<\/div>\n<\/div>\n<\/div>\n<\/div>\n\n","protected":false},"excerpt":{"rendered":"","protected":false},"author":1,"featured_media":0,"parent":0,"menu_order":0,"comment_status":"closed","ping_status":"closed","template":"","meta":[],"_links":{"self":[{"href":"http:\/\/turismoleufucade.cl\/site\/wp-json\/wp\/v2\/pages\/1110"}],"collection":[{"href":"http:\/\/turismoleufucade.cl\/site\/wp-json\/wp\/v2\/pages"}],"about":[{"href":"http:\/\/turismoleufucade.cl\/site\/wp-json\/wp\/v2\/types\/page"}],"author":[{"embeddable":true,"href":"http:\/\/turismoleufucade.cl\/site\/wp-json\/wp\/v2\/users\/1"}],"replies":[{"embeddable":true,"href":"http:\/\/turismoleufucade.cl\/site\/wp-json\/wp\/v2\/comments?post=1110"}],"version-history":[{"count":8,"href":"http:\/\/turismoleufucade.cl\/site\/wp-json\/wp\/v2\/pages\/1110\/revisions"}],"predecessor-version":[{"id":1299,"href":"http:\/\/turismoleufucade.cl\/site\/wp-json\/wp\/v2\/pages\/1110\/revisions\/1299"}],"wp:attachment":[{"href":"http:\/\/turismoleufucade.cl\/site\/wp-json\/wp\/v2\/media?parent=1110"}],"curies":[{"name":"wp","href":"https:\/\/api.w.org\/{rel}","templated":true}]}}