{"id":9,"date":"2014-07-23T13:25:50","date_gmt":"2014-07-23T19:25:50","guid":{"rendered":"http:\/\/eco-nature.cmsmasters.net\/boxed\/?page_id=9"},"modified":"2021-07-14T21:58:58","modified_gmt":"2021-07-15T03:58:58","slug":"inicio","status":"publish","type":"page","link":"http:\/\/turismoleufucade.cl\/site\/","title":{"rendered":"Inicio"},"content":{"rendered":"<style type=\"text\/css\"> \n#cmsms_row_69e7cb42f26b8 .cmsms_row_outer_parent { \n\tpadding-top: 40px; \n} \n\n#cmsms_row_69e7cb42f26b8 .cmsms_row_outer_parent { \n\tpadding-bottom: 40px; \n} \n\n \n#cmsms_row_69e7cb43073c8 .cmsms_row_outer_parent { \n\tpadding-top: 0px; \n} \n\n#cmsms_row_69e7cb43073c8 .cmsms_row_outer_parent { \n\tpadding-bottom: 0px; \n} \n\n \n#cmsms_row_69e7cb4307686 .cmsms_row_outer_parent { \n\tpadding-top: 0px; \n} \n\n#cmsms_row_69e7cb4307686 .cmsms_row_outer_parent { \n\tpadding-bottom: 0px; \n} \n\n \n#cmsms_row_69e7cb4307708 .cmsms_row_outer_parent { \n\tpadding-top: 0px; \n} \n\n#cmsms_row_69e7cb4307708 .cmsms_row_outer_parent { \n\tpadding-bottom: 0px; \n} \n\n \n#cmsms_divider_69e7cb43077e7 { \n\tpadding-top:80px; \n\tmargin-bottom:50px; \n} \n \n#cmsms_row_69e7cb4307809 { \n\tbackground-color: #3f3932; \n} \n\n#cmsms_row_69e7cb4307809 .cmsms_row_outer_parent { \n\tpadding-top: 40px; \n} \n\n#cmsms_row_69e7cb4307809 .cmsms_row_outer_parent { \n\tpadding-bottom: 0px; \n} \n\n<\/style><div id=\"cmsms_row_69e7cb42f26b8\" class=\"cmsms_row cmsms_color_scheme_default\">\n<div class=\"cmsms_row_outer_parent\">\n<div class=\"cmsms_row_outer\">\n<div class=\"cmsms_row_inner\">\n<div class=\"cmsms_row_margin\">\n<div class=\"cmsms_column one_first\">\n<div class=\"cmsms_slider\"><script type=\"text\/javascript\">jQuery(function() { _initLayerSlider( '#layerslider_3_fszc0766o3u2', {sliderVersion: '7.2.1', responsiveUnder: 0, layersContainer: 0, slideBGSize: 'auto', hideUnder: 0, hideOver: 100000, pauseOnHover: 1, skin: 'v5', useSrcset: true, skinsPath: 'http:\/\/turismoleufucade.cl\/site\/wp-content\/plugins\/LayerSlider\/assets\/static\/layerslider\/skins\/'}); });<\/script><link href=\"https:\/\/fonts.googleapis.com\/css?family=Source+Sans+Pro:100,100i,200,200i,300,300i,400,400i,500,500i,600,600i,700,700i,800,800i,900,900i\" rel=\"stylesheet\"><div id=\"layerslider_3_fszc0766o3u2\" class=\"ls-wp-container fitvidsignore\" style=\"width:1160px;height:520px;margin:0 auto;margin-bottom: 0px;\"><div class=\"ls-slide\" data-ls=\"duration:3000;kenburnsscale:1.2;\"><img width=\"1164\" height=\"524\" src=\"http:\/\/turismoleufucade.cl\/site\/wp-content\/uploads\/2016\/08\/1Caba\u00f1as-patio.jpg\" class=\"ls-bg\" alt=\"\" srcset=\"http:\/\/turismoleufucade.cl\/site\/wp-content\/uploads\/2016\/08\/1Caba\u00f1as-patio.jpg 1164w, http:\/\/turismoleufucade.cl\/site\/wp-content\/uploads\/2016\/08\/1Caba\u00f1as-patio-300x135.jpg 300w, http:\/\/turismoleufucade.cl\/site\/wp-content\/uploads\/2016\/08\/1Caba\u00f1as-patio-1024x461.jpg 1024w, http:\/\/turismoleufucade.cl\/site\/wp-content\/uploads\/2016\/08\/1Caba\u00f1as-patio-580x261.jpg 580w, http:\/\/turismoleufucade.cl\/site\/wp-content\/uploads\/2016\/08\/1Caba\u00f1as-patio-820x369.jpg 820w, http:\/\/turismoleufucade.cl\/site\/wp-content\/uploads\/2016\/08\/1Caba\u00f1as-patio-1160x522.jpg 1160w\" sizes=\"(max-width: 1164px) 100vw, 1164px\" \/><\/div><div class=\"ls-slide\" data-ls=\"duration:10500;kenburnsscale:1.2;\"><img width=\"1163\" height=\"523\" src=\"http:\/\/turismoleufucade.cl\/site\/wp-content\/uploads\/2016\/09\/Banner-Home-2-1.jpg\" class=\"ls-bg\" alt=\"\" srcset=\"http:\/\/turismoleufucade.cl\/site\/wp-content\/uploads\/2016\/09\/Banner-Home-2-1.jpg 1163w, http:\/\/turismoleufucade.cl\/site\/wp-content\/uploads\/2016\/09\/Banner-Home-2-1-300x135.jpg 300w, http:\/\/turismoleufucade.cl\/site\/wp-content\/uploads\/2016\/09\/Banner-Home-2-1-1024x460.jpg 1024w, http:\/\/turismoleufucade.cl\/site\/wp-content\/uploads\/2016\/09\/Banner-Home-2-1-580x261.jpg 580w, http:\/\/turismoleufucade.cl\/site\/wp-content\/uploads\/2016\/09\/Banner-Home-2-1-820x369.jpg 820w, http:\/\/turismoleufucade.cl\/site\/wp-content\/uploads\/2016\/09\/Banner-Home-2-1-1160x522.jpg 1160w\" sizes=\"(max-width: 1163px) 100vw, 1163px\" \/><img width=\"484\" height=\"657\" src=\"http:\/\/turismoleufucade.cl\/site\/wp-content\/uploads\/2022\/09\/fondo-1.png\" class=\"ls-l ls-img-layer\" alt=\"\" srcset=\"http:\/\/turismoleufucade.cl\/site\/wp-content\/uploads\/2022\/09\/fondo-1.png 484w, http:\/\/turismoleufucade.cl\/site\/wp-content\/uploads\/2022\/09\/fondo-1-221x300.png 221w\" sizes=\"(max-width: 484px) 100vw, 484px\" style=\"font-size:36px;color:#000;text-align:left;font-style:normal;text-decoration:none;text-transform:none;font-weight:400;letter-spacing:0px;border-style:solid;border-color:#000;background-position:0% 0%;background-repeat:no-repeat;top:0px;left:0px;width:484px;height:520px;\"><p style=\"font-family:Source Sans Pro;font-size:28px;top:229px;left:67px;color:#5fb81f;\" class=\"ls-l ls-text-layer\" data-ls=\"offsetxin:80;durationin:600;delayin:400;offsetxout:-80;durationout:400;parallaxlevel:0;\">Tu estancia en Valdivia<\/p><a style=\"\" class=\"ls-l\" href=\"http:\/\/turismoleufucade.cl\/site\/cabanas\/\" target=\"_blank\" data-ls=\"offsetyin:80;durationin:600;delayin:800;offsetyout:-80;durationout:400;parallaxlevel:0;\"><p style=\"font-family:Source Sans Pro;font-size:18px;color:#70c030;top:402px;left:70px;font-weight:700;\" class=\"ls-text-layer\">Ver m&aacute;s&gt;&gt;<\/p><\/a><p style=\"font-family:Helvetica;font-size:17px;line-height:25px;top:283px;left:68px;color:#fff;\" class=\"ls-l ls-text-layer\" data-ls=\"durationin:600;delayin:600;durationout:400;parallaxlevel:0;\">Contamos con 6 caba&ntilde;as con todo el <br>\nequipamiento que necesitas para una estad&iacute;a <br> \nconfortable. <br>\nCon acceso a informaci&oacute;n e independiente.<br><\/p><p style=\"font-family:Source Sans Pro;font-size:50px;top:90px;left:64px;color:#fff;\" class=\"ls-l ls-text-layer\" data-ls=\"offsetxin:80;durationin:600;delayin:200;offsetxout:-80;durationout:400;parallaxlevel:0;\">Caba&ntilde;as R&iacute;o <br> Leufucade<\/p><\/div><div class=\"ls-slide\" data-ls=\"duration:3000;kenburnsscale:1.2;\"><img width=\"1164\" height=\"524\" src=\"http:\/\/turismoleufucade.cl\/site\/wp-content\/uploads\/2016\/08\/2Barrio.jpg\" class=\"ls-bg\" alt=\"\" srcset=\"http:\/\/turismoleufucade.cl\/site\/wp-content\/uploads\/2016\/08\/2Barrio.jpg 1164w, http:\/\/turismoleufucade.cl\/site\/wp-content\/uploads\/2016\/08\/2Barrio-300x135.jpg 300w, http:\/\/turismoleufucade.cl\/site\/wp-content\/uploads\/2016\/08\/2Barrio-1024x461.jpg 1024w, http:\/\/turismoleufucade.cl\/site\/wp-content\/uploads\/2016\/08\/2Barrio-580x261.jpg 580w, http:\/\/turismoleufucade.cl\/site\/wp-content\/uploads\/2016\/08\/2Barrio-820x369.jpg 820w, http:\/\/turismoleufucade.cl\/site\/wp-content\/uploads\/2016\/08\/2Barrio-1160x522.jpg 1160w\" sizes=\"(max-width: 1164px) 100vw, 1164px\" \/><\/div><div class=\"ls-slide\" data-ls=\"duration:10500;kenburnsscale:1.2;\"><img width=\"1163\" height=\"523\" src=\"http:\/\/turismoleufucade.cl\/site\/wp-content\/uploads\/2016\/09\/Banner-Home-4-1.jpg\" class=\"ls-bg\" alt=\"\" srcset=\"http:\/\/turismoleufucade.cl\/site\/wp-content\/uploads\/2016\/09\/Banner-Home-4-1.jpg 1163w, http:\/\/turismoleufucade.cl\/site\/wp-content\/uploads\/2016\/09\/Banner-Home-4-1-300x135.jpg 300w, http:\/\/turismoleufucade.cl\/site\/wp-content\/uploads\/2016\/09\/Banner-Home-4-1-1024x460.jpg 1024w, http:\/\/turismoleufucade.cl\/site\/wp-content\/uploads\/2016\/09\/Banner-Home-4-1-580x261.jpg 580w, http:\/\/turismoleufucade.cl\/site\/wp-content\/uploads\/2016\/09\/Banner-Home-4-1-820x369.jpg 820w, http:\/\/turismoleufucade.cl\/site\/wp-content\/uploads\/2016\/09\/Banner-Home-4-1-1160x522.jpg 1160w\" sizes=\"(max-width: 1163px) 100vw, 1163px\" \/><img width=\"484\" height=\"657\" src=\"http:\/\/turismoleufucade.cl\/site\/wp-content\/uploads\/2022\/09\/fondo-1.png\" class=\"ls-l ls-img-layer\" alt=\"\" srcset=\"http:\/\/turismoleufucade.cl\/site\/wp-content\/uploads\/2022\/09\/fondo-1.png 484w, http:\/\/turismoleufucade.cl\/site\/wp-content\/uploads\/2022\/09\/fondo-1-221x300.png 221w\" sizes=\"(max-width: 484px) 100vw, 484px\" style=\"font-size:36px;color:#000;text-align:left;font-style:normal;text-decoration:none;text-transform:none;font-weight:400;letter-spacing:0px;border-style:solid;border-color:#000;background-position:0% 0%;background-repeat:no-repeat;top:0px;left:0px;width:445px;height:520px;\"><p style=\"font-family:Source Sans Pro;font-size:50px;top:90px;left:64px;color:#fff;\" class=\"ls-l ls-text-layer\" data-ls=\"offsetxin:80;durationin:600;delayin:200;offsetxout:-80;durationout:400;parallaxlevel:0;\">Valdivia<\/p><p style=\"font-family:Helvetica;line-height:25px;top:225px;left:70px;font-size:17px;color:#fff;\" class=\"ls-l ls-text-layer\" data-ls=\"durationin:600;delayin:600;durationout:400;parallaxlevel:0;\">Valdivia es una ciudad privilegiada <br>\npor la naturaleza, con bellos lugares<br>\npara recorrer.<br>\nOfrece rica gastronom&iacute;a t&iacute;pica de la zona, <br>\ncon fuerte influencia alemana <br>\ny deliciosa cerveza artesanal.<\/p><a style=\"\" class=\"ls-l\" href=\"http:\/\/turismoleufucade.cl\/site\/conoce-valdivia\/\" target=\"_blank\" data-ls=\"offsetyin:80;durationin:600;delayin:800;offsetyout:-80;durationout:400;parallaxlevel:0;\"><p style=\"font-family:Source Sans Pro;font-size:18px;color:#70c030;top:400px;left:70px;font-weight:700;\" class=\"ls-text-layer\">Ver m&aacute;s&gt;&gt;<\/p><\/a><p style=\"font-family:Source Sans Pro;font-size:28px;color:#70c030;top:155px;left:66px;\" class=\"ls-l ls-text-layer\" data-ls=\"offsetxin:80;durationin:600;delayin:400;offsetxout:-80;durationout:400;parallaxlevel:0;\">Ciudad de encantos<\/p><\/div><div class=\"ls-slide\" data-ls=\"duration:15000;kenburnsscale:1.2;\"><img width=\"1163\" height=\"524\" src=\"http:\/\/turismoleufucade.cl\/site\/wp-content\/uploads\/2016\/09\/Banner-Home-5-1.jpg\" class=\"ls-bg\" alt=\"\" srcset=\"http:\/\/turismoleufucade.cl\/site\/wp-content\/uploads\/2016\/09\/Banner-Home-5-1.jpg 1163w, http:\/\/turismoleufucade.cl\/site\/wp-content\/uploads\/2016\/09\/Banner-Home-5-1-300x135.jpg 300w, http:\/\/turismoleufucade.cl\/site\/wp-content\/uploads\/2016\/09\/Banner-Home-5-1-1024x461.jpg 1024w, http:\/\/turismoleufucade.cl\/site\/wp-content\/uploads\/2016\/09\/Banner-Home-5-1-580x261.jpg 580w, http:\/\/turismoleufucade.cl\/site\/wp-content\/uploads\/2016\/09\/Banner-Home-5-1-820x369.jpg 820w, http:\/\/turismoleufucade.cl\/site\/wp-content\/uploads\/2016\/09\/Banner-Home-5-1-1160x523.jpg 1160w\" sizes=\"(max-width: 1163px) 100vw, 1163px\" \/><img width=\"484\" height=\"657\" src=\"http:\/\/turismoleufucade.cl\/site\/wp-content\/uploads\/2022\/09\/fondo-1.png\" class=\"ls-l ls-img-layer\" alt=\"\" srcset=\"http:\/\/turismoleufucade.cl\/site\/wp-content\/uploads\/2022\/09\/fondo-1.png 484w, http:\/\/turismoleufucade.cl\/site\/wp-content\/uploads\/2022\/09\/fondo-1-221x300.png 221w\" sizes=\"(max-width: 484px) 100vw, 484px\" style=\"font-size:36px;color:#000;text-align:left;font-style:normal;text-decoration:none;text-transform:none;font-weight:400;letter-spacing:0px;border-style:solid;border-color:#000;background-position:0% 0%;background-repeat:no-repeat;top:0px;left:715px;width:445px;height:520px;\"><img style=\"top:30px;left:750px;\" class=\"ls-l ls-img-layer\" data-ls=\"durationout:400;parallaxlevel:0;\"><p style=\"font-family:Source Sans Pro;font-size:64px;top:89px;left:789px;color:#fff;\" class=\"ls-l ls-text-layer\" data-ls=\"offsetxin:80;durationin:600;delayin:200;offsetxout:-80;durationout:400;parallaxlevel:0;\">Valdivia<\/p><p style=\"font-family:Helvetica;line-height:29px;top:220px;left:795px;color:#fff;font-size:18px;\" class=\"ls-l ls-text-layer\" data-ls=\"durationin:600;delayin:600;durationout:400;parallaxlevel:0;\">A pocos minutos de la ciudad <br>\npuedes visitar bell&iacute;simas playas<br>\nen todo el borde costero<br>\nde la Regi&oacute;n de Los R&iacute;os. <br>\nAs&iacute; como tambi&eacute;n lugares hist&oacute;ricos,<br>\ndonde a&uacute;n se pueden ver fortalezas<br>\ndel per&iacute;odo de la Colonizaci&oacute;n.<\/p><a style=\"\" class=\"ls-l\" href=\"http:\/\/turismoleufucade.cl\/site\/conoce-valdivia\/\" target=\"_blank\" data-ls=\"offsetyin:80;durationin:600;delayin:800;offsetyout:-80;durationout:400;parallaxlevel:0;\"><p style=\"font-family:Source Sans Pro;font-size:18px;color:#70c030;top:427px;left:795px;line-height:72px;font-weight:700;\" class=\"ls-text-layer\">Ver m&aacute;s&gt;&gt;<\/p><\/a><p style=\"font-family:Source Sans Pro;font-size:30px;color:#70c030;top:165px;left:796px;\" class=\"ls-l ls-text-layer\" data-ls=\"offsetxin:80;durationin:600;delayin:400;offsetxout:-80;durationout:400;parallaxlevel:0;\">Naturaleza Sorprendente<\/p><\/div><div class=\"ls-slide\" data-ls=\"duration:3000;kenburnsscale:1.2;\"><img width=\"1163\" height=\"523\" src=\"http:\/\/turismoleufucade.cl\/site\/wp-content\/uploads\/2016\/09\/Banner-Home-6-1.jpg\" class=\"ls-bg\" alt=\"\" srcset=\"http:\/\/turismoleufucade.cl\/site\/wp-content\/uploads\/2016\/09\/Banner-Home-6-1.jpg 1163w, http:\/\/turismoleufucade.cl\/site\/wp-content\/uploads\/2016\/09\/Banner-Home-6-1-300x135.jpg 300w, http:\/\/turismoleufucade.cl\/site\/wp-content\/uploads\/2016\/09\/Banner-Home-6-1-1024x460.jpg 1024w, http:\/\/turismoleufucade.cl\/site\/wp-content\/uploads\/2016\/09\/Banner-Home-6-1-580x261.jpg 580w, http:\/\/turismoleufucade.cl\/site\/wp-content\/uploads\/2016\/09\/Banner-Home-6-1-820x369.jpg 820w, http:\/\/turismoleufucade.cl\/site\/wp-content\/uploads\/2016\/09\/Banner-Home-6-1-1160x522.jpg 1160w\" sizes=\"(max-width: 1163px) 100vw, 1163px\" \/><\/div><div class=\"ls-slide\" data-ls=\"duration:3000;kenburnsscale:1.2;\"><img width=\"1164\" height=\"524\" src=\"http:\/\/turismoleufucade.cl\/site\/wp-content\/uploads\/2016\/09\/Banner-Home-7-1.jpg\" class=\"ls-bg\" alt=\"\" srcset=\"http:\/\/turismoleufucade.cl\/site\/wp-content\/uploads\/2016\/09\/Banner-Home-7-1.jpg 1164w, http:\/\/turismoleufucade.cl\/site\/wp-content\/uploads\/2016\/09\/Banner-Home-7-1-300x135.jpg 300w, http:\/\/turismoleufucade.cl\/site\/wp-content\/uploads\/2016\/09\/Banner-Home-7-1-1024x461.jpg 1024w, http:\/\/turismoleufucade.cl\/site\/wp-content\/uploads\/2016\/09\/Banner-Home-7-1-580x261.jpg 580w, http:\/\/turismoleufucade.cl\/site\/wp-content\/uploads\/2016\/09\/Banner-Home-7-1-820x369.jpg 820w, http:\/\/turismoleufucade.cl\/site\/wp-content\/uploads\/2016\/09\/Banner-Home-7-1-1160x522.jpg 1160w\" sizes=\"(max-width: 1164px) 100vw, 1164px\" \/><\/div><\/div><\/div>\n<\/div>\n<\/div>\n<\/div>\n<\/div>\n<\/div>\n<\/div>\n<div id=\"cmsms_row_69e7cb43073c8\" class=\"cmsms_row cmsms_color_scheme_default\">\n<div class=\"cmsms_row_outer_parent\">\n<div class=\"cmsms_row_outer\">\n<div class=\"cmsms_row_inner\">\n<div class=\"cmsms_row_margin\">\n<div class=\"cmsms_column one_fourth\">\n<div id=\"cmsms_icon_box_69e7cb43074ec\" class=\"cmsms_icon_box cmsms_box_heading\" data-animation=\"fadeInUp\" data-delay=\"300\">\n<div class=\"icon_box_inner\">\n<h2 class=\"cmsms-icon-location-1\">Ubicaci\u00f3n - Barrio Patrimonial <\/h2>\n<div class=\"icon_box_text\">\n<p>Las caba\u00f1as est\u00e1n ubicadas en\u00a0el \u00a0Barrio Patrimonial General Lagos. Ideal para disfrutar de un paseo fotogr\u00e1fico a pie, o en bicicleta, hacia la Costanera, Centro Tur\u00edstico y Parques.<\/p>\n<\/div>\n<\/div>\n<\/div>\n<\/div>\n<div class=\"cmsms_column one_fourth\">\n<div id=\"cmsms_icon_box_69e7cb4307562\" class=\"cmsms_icon_box cmsms_box_heading\" data-animation=\"fadeInUp\" data-delay=\"600\">\n<div class=\"icon_box_inner\">\n<h2 class=\"cmsms-icon-heart-1\">Tu hogar en Valdivia<\/h2>\n<div class=\"icon_box_text\">\n<p>Las Caba\u00f1as son full equipadas e independientes,\u00a0\u00a0cuentan con espacios comunes vigilados, WIFI, TV cable, calefacci\u00f3n central,\u00a0se consideran todo el equipamiento que necesitas para una estad\u00eda confortable<\/p>\n<\/div>\n<\/div>\n<\/div>\n<\/div>\n<div class=\"cmsms_column one_fourth\">\n<div id=\"cmsms_icon_box_69e7cb43075c3\" class=\"cmsms_icon_box cmsms_box_heading\" data-animation=\"fadeInUp\" data-delay=\"900\">\n<div class=\"icon_box_inner\">\n<h2 class=\"cmsms-icon-home\">Tranquilidad y Seguridad<\/h2>\n<div class=\"icon_box_text\">\n<p>Las Caba\u00f1as son ideales cuando hablamos de buen ambiente, tranquilidad y seguridad. Contamos con estacionamientos vigilados, port\u00f3n autom\u00e1tico y sistema de alarma.<\/p>\n<\/div>\n<\/div>\n<\/div>\n<\/div>\n<div class=\"cmsms_column one_fourth\">\n<div id=\"cmsms_icon_box_69e7cb4307633\" class=\"cmsms_icon_box cmsms_box_heading\" data-animation=\"fadeInUp\" data-delay=\"900\">\n<div class=\"icon_box_inner\">\n<h2 class=\"cmsms-icon-clock\">HORARIO DE ATENCI\u00d3N<\/h2>\n<div class=\"icon_box_text\">\n<p>Lunes a domingo<\/p>\n<p>08:00 a 20:00 horas<\/p>\n<p>+56968733414\u00a0 turismo.leufucade@gmail.com<\/p>\n<\/div>\n<\/div>\n<\/div>\n<\/div>\n<\/div>\n<\/div>\n<\/div>\n<\/div>\n<\/div>\n<div id=\"cmsms_row_69e7cb4307686\" class=\"cmsms_row cmsms_color_scheme_default\">\n<div class=\"cmsms_row_outer_parent\">\n<div class=\"cmsms_row_outer\">\n<div class=\"cmsms_row_inner\">\n<div class=\"cmsms_row_margin\">\n<div class=\"cmsms_column one_first\">\n<\/div>\n<\/div>\n<\/div>\n<\/div>\n<\/div>\n<\/div>\n<div id=\"cmsms_row_69e7cb4307708\" class=\"cmsms_row cmsms_color_scheme_default\">\n<div class=\"cmsms_row_outer_parent\">\n<div class=\"cmsms_row_outer\">\n<div class=\"cmsms_row_inner\">\n<div class=\"cmsms_row_margin\">\n<div class=\"cmsms_column one_first\">\n<div id=\"cmsms_divider_69e7cb43077e7\" class=\"cl\"><\/div>\n<\/div>\n<\/div>\n<\/div>\n<\/div>\n<\/div>\n<\/div>\n<div id=\"cmsms_row_69e7cb4307809\" class=\"cmsms_row cmsms_color_scheme_first\">\n<div class=\"cmsms_row_outer_parent\">\n<div class=\"cmsms_row_outer\">\n<div class=\"cmsms_row_inner\">\n<div class=\"cmsms_row_margin\">\n<div class=\"cmsms_column one_first\">\n<\/div>\n<\/div>\n<\/div>\n<\/div>\n<\/div>\n<\/div>\n\n","protected":false},"excerpt":{"rendered":"","protected":false},"author":1,"featured_media":0,"parent":0,"menu_order":0,"comment_status":"closed","ping_status":"closed","template":"","meta":[],"_links":{"self":[{"href":"http:\/\/turismoleufucade.cl\/site\/wp-json\/wp\/v2\/pages\/9"}],"collection":[{"href":"http:\/\/turismoleufucade.cl\/site\/wp-json\/wp\/v2\/pages"}],"about":[{"href":"http:\/\/turismoleufucade.cl\/site\/wp-json\/wp\/v2\/types\/page"}],"author":[{"embeddable":true,"href":"http:\/\/turismoleufucade.cl\/site\/wp-json\/wp\/v2\/users\/1"}],"replies":[{"embeddable":true,"href":"http:\/\/turismoleufucade.cl\/site\/wp-json\/wp\/v2\/comments?post=9"}],"version-history":[{"count":49,"href":"http:\/\/turismoleufucade.cl\/site\/wp-json\/wp\/v2\/pages\/9\/revisions"}],"predecessor-version":[{"id":1218,"href":"http:\/\/turismoleufucade.cl\/site\/wp-json\/wp\/v2\/pages\/9\/revisions\/1218"}],"wp:attachment":[{"href":"http:\/\/turismoleufucade.cl\/site\/wp-json\/wp\/v2\/media?parent=9"}],"curies":[{"name":"wp","href":"https:\/\/api.w.org\/{rel}","templated":true}]}}